{"id":3304,"date":"2022-12-09T11:21:33","date_gmt":"2022-12-09T10:21:33","guid":{"rendered":"https:\/\/debronvanlicht.nl\/?page_id=3304"},"modified":"2025-08-07T09:49:39","modified_gmt":"2025-08-07T07:49:39","slug":"19-februari-2023","status":"publish","type":"page","link":"https:\/\/debronvanlicht.nl\/index.php\/evenementen\/19-februari-2023\/","title":{"rendered":"2025&#8230;Workshop Saint Germain"},"content":{"rendered":"<div class=\"kvgmc6g5 cxmmr5t8 oygrvhab hcukyx3x c1et5uql ii04i59q\">\n<div dir=\"auto\" style=\"text-align: center;\">\n<div id=\"about-1\" class=\"about-1 content-section content-section-spacing-large\" data-label=\"About\" data-id=\"about--1\" data-export-id=\"about-1\" data-category=\"about\">\n<div class=\"gridContainer\">\n<div class=\"row col-xs-12\">\n<div class=\"section-title-col\" data-type=\"column\">\n<p><strong><em>Wie is Saint Germain?<br \/>\n<a onclick=\"javascript:pageTracker._trackPageview('\/downloads\/wp-content\/uploads\/2022\/08\/Germain.jpg');\"  href=\"https:\/\/debronvanlicht.nl\/wp-content\/uploads\/2022\/08\/Germain.jpg\"><img loading=\"lazy\" decoding=\"async\" class=\"alignnone size-full wp-image-3130\" src=\"https:\/\/debronvanlicht.nl\/wp-content\/uploads\/2022\/08\/Germain.jpg\" alt=\"\" width=\"157\" height=\"202\"><\/a><\/p>\n<p>Op deze zondag zal Inge een prachtige workshop geven<\/em><\/strong><br \/>\n<em>Saint Germain is een van de opgestegen meesters<br \/>\nen is \u00e9\u00e9n van de hi\u00ebrarchien van het Aquariustijdperk.<br \/>\nHij is de houder van de Violette Vlam waarmee hij je o.a.<br \/>\nhelpt karma en oude energie te transformeren.<\/em><\/p>\n<p>Hij helpt je om een vreugdevoller en vrijer leven te leiden.<br \/>\nAls je vastzit op fysiek emotioneel,<br \/>\nmentaal of spiritueel vlak is hij een uitstekende meester om mee te gaan werken.<br \/>\n<em>Ervaar de kracht van Saint Germain zelf.<\/em><\/p>\n<p><em style=\"font-size: 16px; font-weight: 300;\">Een prachtige workshop waarbij deze fijne meester centraal staat.<br \/>\n<\/em><em style=\"font-size: 16px; font-weight: 300;\">Een dag om jezelf beter te leren kennen,<br \/>\nom los te laten wat je niet meer dient en neer te gaan zetten wat je w\u00e9l wilt.<\/em><\/p>\n<\/div>\n<\/div>\n<\/div>\n<\/div>\n<p><em style=\"font-size: 16px; font-weight: 300;\"><strong><span style=\"color: #339966;\">De investering voor deze workshop is \u20ac 85,- inclusief<br \/>\n<\/span><\/strong><\/em><em style=\"font-size: 16px; font-weight: 300;\"><strong><span style=\"color: #339966;\"><strong style=\"font-size: 16px;\">een heerlijke lunch, koffie\/thee en materiaal.<\/strong><\/span><\/strong><\/em><\/p>\n<\/div>\n<\/div>\n<div dir=\"auto\" style=\"text-align: center;\">\n<p><em><strong>Informatie over deze workshop zie item workshops<\/strong><\/em><br \/>\n<em>www.debronvanlicht.nl<\/em><br \/>\n<em><strong>of mail naar<\/strong><\/em><br \/>\n<em>info@debronvanlicht.nl<\/em><br \/>\n<em><strong>of bel naar<\/strong><\/em><br \/>\n<em>0181639497<\/em><\/p>\n<p style=\"text-align: center;\"><em>\u00a9 2006 \u2013 2025 Spiritueel Centrum \u201cDe Bron van Licht\u201d V.o.f.<\/em><\/p>\n<\/div>\n","protected":false},"excerpt":{"rendered":"<p>Wie is Saint Germain? Op deze zondag zal Inge een prachtige workshop geven Saint Germain is een van de opgestegen meesters en is \u00e9\u00e9n van de hi\u00ebrarchien van het Aquariustijdperk. <a class=\"more-link\" href=\"https:\/\/debronvanlicht.nl\/index.php\/evenementen\/19-februari-2023\/\">Continue Reading \u2192<\/a><\/p>\n","protected":false},"author":4,"featured_media":0,"parent":2264,"menu_order":5,"comment_status":"closed","ping_status":"closed","template":"","meta":{"ngg_post_thumbnail":0,"footnotes":""},"class_list":["post-3304","page","type-page","status-publish","hentry"],"yoast_head":"<!-- This site is optimized with the Yoast SEO plugin v27.6 - https:\/\/yoast.com\/product\/yoast-seo-wordpress\/ -->\n<title>2025...Workshop Saint Germain - Spiritueel Centrum &quot;De Bron van Licht&quot; V.o.f.<\/title>\n<meta name=\"robots\" content=\"index, follow, max-snippet:-1, max-image-preview:large, max-video-preview:-1\" \/>\n<link rel=\"canonical\" href=\"https:\/\/debronvanlicht.nl\/index.php\/evenementen\/19-februari-2023\/\" \/>\n<meta property=\"og:locale\" content=\"nl_NL\" \/>\n<meta property=\"og:type\" content=\"article\" \/>\n<meta property=\"og:title\" content=\"2025...Workshop Saint Germain - Spiritueel Centrum &quot;De Bron van Licht&quot; V.o.f.\" \/>\n<meta property=\"og:description\" content=\"Wie is Saint Germain? Op deze zondag zal Inge een prachtige workshop geven Saint Germain is een van de opgestegen meesters en is \u00e9\u00e9n van de hi\u00ebrarchien van het Aquariustijdperk. Continue Reading \u2192\" \/>\n<meta property=\"og:url\" content=\"https:\/\/debronvanlicht.nl\/index.php\/evenementen\/19-februari-2023\/\" \/>\n<meta property=\"og:site_name\" content=\"Spiritueel Centrum &quot;De Bron van Licht&quot; V.o.f.\" \/>\n<meta property=\"article:publisher\" content=\"https:\/\/nl-nl.facebook.com\/debronvanlicht\" \/>\n<meta property=\"article:modified_time\" content=\"2025-08-07T07:49:39+00:00\" \/>\n<meta property=\"og:image\" content=\"https:\/\/debronvanlicht.nl\/wp-content\/uploads\/2022\/08\/Germain.jpg\" \/>\n\t<meta property=\"og:image:width\" content=\"157\" \/>\n\t<meta property=\"og:image:height\" content=\"202\" \/>\n\t<meta property=\"og:image:type\" content=\"image\/jpeg\" \/>\n<meta name=\"twitter:label1\" content=\"Geschatte leestijd\" \/>\n\t<meta name=\"twitter:data1\" content=\"2 minuten\" \/>\n<script type=\"application\/ld+json\" class=\"yoast-schema-graph\">{\"@context\":\"https:\\\/\\\/schema.org\",\"@graph\":[{\"@type\":\"WebPage\",\"@id\":\"https:\\\/\\\/debronvanlicht.nl\\\/index.php\\\/evenementen\\\/19-februari-2023\\\/\",\"url\":\"https:\\\/\\\/debronvanlicht.nl\\\/index.php\\\/evenementen\\\/19-februari-2023\\\/\",\"name\":\"2025...Workshop Saint Germain - Spiritueel Centrum &quot;De Bron van Licht&quot; V.o.f.\",\"isPartOf\":{\"@id\":\"https:\\\/\\\/debronvanlicht.nl\\\/#website\"},\"primaryImageOfPage\":{\"@id\":\"https:\\\/\\\/debronvanlicht.nl\\\/index.php\\\/evenementen\\\/19-februari-2023\\\/#primaryimage\"},\"image\":{\"@id\":\"https:\\\/\\\/debronvanlicht.nl\\\/index.php\\\/evenementen\\\/19-februari-2023\\\/#primaryimage\"},\"thumbnailUrl\":\"https:\\\/\\\/debronvanlicht.nl\\\/wp-content\\\/uploads\\\/2022\\\/08\\\/Germain.jpg\",\"datePublished\":\"2022-12-09T10:21:33+00:00\",\"dateModified\":\"2025-08-07T07:49:39+00:00\",\"breadcrumb\":{\"@id\":\"https:\\\/\\\/debronvanlicht.nl\\\/index.php\\\/evenementen\\\/19-februari-2023\\\/#breadcrumb\"},\"inLanguage\":\"nl-NL\",\"potentialAction\":[{\"@type\":\"ReadAction\",\"target\":[\"https:\\\/\\\/debronvanlicht.nl\\\/index.php\\\/evenementen\\\/19-februari-2023\\\/\"]}]},{\"@type\":\"ImageObject\",\"inLanguage\":\"nl-NL\",\"@id\":\"https:\\\/\\\/debronvanlicht.nl\\\/index.php\\\/evenementen\\\/19-februari-2023\\\/#primaryimage\",\"url\":\"https:\\\/\\\/debronvanlicht.nl\\\/wp-content\\\/uploads\\\/2022\\\/08\\\/Germain.jpg\",\"contentUrl\":\"https:\\\/\\\/debronvanlicht.nl\\\/wp-content\\\/uploads\\\/2022\\\/08\\\/Germain.jpg\",\"width\":157,\"height\":202},{\"@type\":\"BreadcrumbList\",\"@id\":\"https:\\\/\\\/debronvanlicht.nl\\\/index.php\\\/evenementen\\\/19-februari-2023\\\/#breadcrumb\",\"itemListElement\":[{\"@type\":\"ListItem\",\"position\":1,\"name\":\"Home\",\"item\":\"https:\\\/\\\/debronvanlicht.nl\\\/\"},{\"@type\":\"ListItem\",\"position\":2,\"name\":\"Evenementen\\\/Workshops 2026\",\"item\":\"https:\\\/\\\/debronvanlicht.nl\\\/index.php\\\/evenementen\\\/\"},{\"@type\":\"ListItem\",\"position\":3,\"name\":\"2025&#8230;Workshop Saint Germain\"}]},{\"@type\":\"WebSite\",\"@id\":\"https:\\\/\\\/debronvanlicht.nl\\\/#website\",\"url\":\"https:\\\/\\\/debronvanlicht.nl\\\/\",\"name\":\"De Bron van Licht\",\"description\":\"&quot;Praktijk voor alternatieve \\\/ spirituele geneeswijze&quot; Kersengaard 62 in Spijkenisse 0181639497\",\"potentialAction\":[{\"@type\":\"SearchAction\",\"target\":{\"@type\":\"EntryPoint\",\"urlTemplate\":\"https:\\\/\\\/debronvanlicht.nl\\\/?s={search_term_string}\"},\"query-input\":{\"@type\":\"PropertyValueSpecification\",\"valueRequired\":true,\"valueName\":\"search_term_string\"}}],\"inLanguage\":\"nl-NL\"}]}<\/script>\n<!-- \/ Yoast SEO plugin. -->","yoast_head_json":{"title":"2025...Workshop Saint Germain - Spiritueel Centrum &quot;De Bron van Licht&quot; V.o.f.","robots":{"index":"index","follow":"follow","max-snippet":"max-snippet:-1","max-image-preview":"max-image-preview:large","max-video-preview":"max-video-preview:-1"},"canonical":"https:\/\/debronvanlicht.nl\/index.php\/evenementen\/19-februari-2023\/","og_locale":"nl_NL","og_type":"article","og_title":"2025...Workshop Saint Germain - Spiritueel Centrum &quot;De Bron van Licht&quot; V.o.f.","og_description":"Wie is Saint Germain? Op deze zondag zal Inge een prachtige workshop geven Saint Germain is een van de opgestegen meesters en is \u00e9\u00e9n van de hi\u00ebrarchien van het Aquariustijdperk. Continue Reading \u2192","og_url":"https:\/\/debronvanlicht.nl\/index.php\/evenementen\/19-februari-2023\/","og_site_name":"Spiritueel Centrum &quot;De Bron van Licht&quot; V.o.f.","article_publisher":"https:\/\/nl-nl.facebook.com\/debronvanlicht","article_modified_time":"2025-08-07T07:49:39+00:00","og_image":[{"width":157,"height":202,"url":"https:\/\/debronvanlicht.nl\/wp-content\/uploads\/2022\/08\/Germain.jpg","type":"image\/jpeg"}],"twitter_misc":{"Geschatte leestijd":"2 minuten"},"schema":{"@context":"https:\/\/schema.org","@graph":[{"@type":"WebPage","@id":"https:\/\/debronvanlicht.nl\/index.php\/evenementen\/19-februari-2023\/","url":"https:\/\/debronvanlicht.nl\/index.php\/evenementen\/19-februari-2023\/","name":"2025...Workshop Saint Germain - Spiritueel Centrum &quot;De Bron van Licht&quot; V.o.f.","isPartOf":{"@id":"https:\/\/debronvanlicht.nl\/#website"},"primaryImageOfPage":{"@id":"https:\/\/debronvanlicht.nl\/index.php\/evenementen\/19-februari-2023\/#primaryimage"},"image":{"@id":"https:\/\/debronvanlicht.nl\/index.php\/evenementen\/19-februari-2023\/#primaryimage"},"thumbnailUrl":"https:\/\/debronvanlicht.nl\/wp-content\/uploads\/2022\/08\/Germain.jpg","datePublished":"2022-12-09T10:21:33+00:00","dateModified":"2025-08-07T07:49:39+00:00","breadcrumb":{"@id":"https:\/\/debronvanlicht.nl\/index.php\/evenementen\/19-februari-2023\/#breadcrumb"},"inLanguage":"nl-NL","potentialAction":[{"@type":"ReadAction","target":["https:\/\/debronvanlicht.nl\/index.php\/evenementen\/19-februari-2023\/"]}]},{"@type":"ImageObject","inLanguage":"nl-NL","@id":"https:\/\/debronvanlicht.nl\/index.php\/evenementen\/19-februari-2023\/#primaryimage","url":"https:\/\/debronvanlicht.nl\/wp-content\/uploads\/2022\/08\/Germain.jpg","contentUrl":"https:\/\/debronvanlicht.nl\/wp-content\/uploads\/2022\/08\/Germain.jpg","width":157,"height":202},{"@type":"BreadcrumbList","@id":"https:\/\/debronvanlicht.nl\/index.php\/evenementen\/19-februari-2023\/#breadcrumb","itemListElement":[{"@type":"ListItem","position":1,"name":"Home","item":"https:\/\/debronvanlicht.nl\/"},{"@type":"ListItem","position":2,"name":"Evenementen\/Workshops 2026","item":"https:\/\/debronvanlicht.nl\/index.php\/evenementen\/"},{"@type":"ListItem","position":3,"name":"2025&#8230;Workshop Saint Germain"}]},{"@type":"WebSite","@id":"https:\/\/debronvanlicht.nl\/#website","url":"https:\/\/debronvanlicht.nl\/","name":"De Bron van Licht","description":"&quot;Praktijk voor alternatieve \/ spirituele geneeswijze&quot; Kersengaard 62 in Spijkenisse 0181639497","potentialAction":[{"@type":"SearchAction","target":{"@type":"EntryPoint","urlTemplate":"https:\/\/debronvanlicht.nl\/?s={search_term_string}"},"query-input":{"@type":"PropertyValueSpecification","valueRequired":true,"valueName":"search_term_string"}}],"inLanguage":"nl-NL"}]}},"_links":{"self":[{"href":"https:\/\/debronvanlicht.nl\/index.php\/wp-json\/wp\/v2\/pages\/3304","targetHints":{"allow":["GET"]}}],"collection":[{"href":"https:\/\/debronvanlicht.nl\/index.php\/wp-json\/wp\/v2\/pages"}],"about":[{"href":"https:\/\/debronvanlicht.nl\/index.php\/wp-json\/wp\/v2\/types\/page"}],"author":[{"embeddable":true,"href":"https:\/\/debronvanlicht.nl\/index.php\/wp-json\/wp\/v2\/users\/4"}],"replies":[{"embeddable":true,"href":"https:\/\/debronvanlicht.nl\/index.php\/wp-json\/wp\/v2\/comments?post=3304"}],"version-history":[{"count":10,"href":"https:\/\/debronvanlicht.nl\/index.php\/wp-json\/wp\/v2\/pages\/3304\/revisions"}],"predecessor-version":[{"id":3886,"href":"https:\/\/debronvanlicht.nl\/index.php\/wp-json\/wp\/v2\/pages\/3304\/revisions\/3886"}],"up":[{"embeddable":true,"href":"https:\/\/debronvanlicht.nl\/index.php\/wp-json\/wp\/v2\/pages\/2264"}],"wp:attachment":[{"href":"https:\/\/debronvanlicht.nl\/index.php\/wp-json\/wp\/v2\/media?parent=3304"}],"curies":[{"name":"wp","href":"https:\/\/api.w.org\/{rel}","templated":true}]}}