{"id":3220,"date":"2022-10-25T21:10:25","date_gmt":"2022-10-25T19:10:25","guid":{"rendered":"https:\/\/debronvanlicht.nl\/?page_id=3220"},"modified":"2026-01-05T10:22:38","modified_gmt":"2026-01-05T09:22:38","slug":"lemurische-facilitator","status":"publish","type":"page","link":"https:\/\/debronvanlicht.nl\/index.php\/reacties\/lemurische-facilitator\/","title":{"rendered":"Lemurische Facilitator"},"content":{"rendered":"<p style=\"text-align: center;\"><strong style=\"font-family: Arial, Helvetica, sans-serif; font-size: 16px; font-style: normal;\"><a onclick=\"javascript:pageTracker._trackPageview('\/downloads\/wp-content\/uploads\/2022\/10\/Lemurie3.png');\"  href=\"https:\/\/debronvanlicht.nl\/wp-content\/uploads\/2022\/10\/Lemurie3.png\"><img loading=\"lazy\" decoding=\"async\" class=\"alignnone size-medium wp-image-3221\" src=\"https:\/\/debronvanlicht.nl\/wp-content\/uploads\/2022\/10\/Lemurie3-300x211.png\" alt=\"\" width=\"300\" height=\"211\" srcset=\"https:\/\/debronvanlicht.nl\/wp-content\/uploads\/2022\/10\/Lemurie3-300x211.png 300w, https:\/\/debronvanlicht.nl\/wp-content\/uploads\/2022\/10\/Lemurie3.png 399w\" sizes=\"auto, (max-width: 300px) 100vw, 300px\" \/><\/a><\/strong><strong style=\"font-family: Arial, Helvetica, sans-serif; font-size: 16px; font-style: normal;\"><br \/>\n<em>Lemuri\u00eb is een oude beschaving voorafgaand aan<\/em><br \/>\n<\/strong><em><strong>en tijdens de tijd van Atlantis.<\/strong><\/em><\/p>\n<p style=\"text-align: center;\"><em>Er wordt aangenomen dat Lemuri\u00eb grotendeels bestond<\/em><br \/>\n<em>in de zuidelijke Stille Oceaan, tussen Noord-Amerika en Azi\u00eb\/ Australi\u00eb.<\/em><br \/>\n<em>Dit continent bestond ongeveer 70.000 jaar lang op onze aarde.<\/em><\/p>\n<p style=\"text-align: center;\"><em>Oorspronkelijk droeg&nbsp;<strong>Lemuri\u00eb<\/strong> de naam;&nbsp;<br \/>\n&#8216;Het land van Mu\u2019wat \u2018Het Moederland\u2019 betekende.<\/em><\/p>\n<p style=\"text-align: center;\"><em>Op het hoogtepunt was Lemuri\u00eb een zeer spiritueel en hoog ontwikkelde beschaving.<\/em><br \/>\n<em>Het bewustzijn tijdens dit tijdperk was overwegend intu\u00eftieve en vrouwelijke energie.<\/em><\/p>\n<p style=\"text-align: center;\"><em>De tijd van Lemuri\u00eb zijn onze vroegste herinneringen van ons bestaan op de Aarde.<\/em><br \/>\n<em>Het was een gouden tijd, het paradijs of de tuin van Eden. We waren in harmonie met onszelf en<br \/>\nonze omgeving, de natuur en de elementen, het universum , met God\/Godin, <\/em><em>met alles wat is.<\/em><\/p>\n<p style=\"text-align: center;\"><em>Door de inwijding wordt je afgestemd op de energie\u00ebn van Lemuri\u00eb <\/em><br \/>\n<em>en help je mee om deze energie hier op Aarde te verspreiden.<\/em><\/p>\n<p style=\"text-align: center;\"><em>Deze afstemming laat je kennismaken met de Lemuri\u00ebrs.<\/em><br \/>\n<em>Ze zullen je in hun wereld initi\u00ebren zodat ze met je kunnen communiceren <\/em><br \/>\n<em>en ze zullen je paranormale vermogens verbeteren.<\/em><\/p>\n<p style=\"text-align: center;\"><em>Als je eenmaal deze afstemming hebt gehad, is het echter noodzakelijk dat je met de energie\u00ebn werkt<br \/>\nen ze aanroept om de energie\u00ebn te versterken. <\/em><em>Je moet ze vragen je te helpen.<\/em><\/p>\n<p style=\"text-align: center;\"><em>De facilitator is een&nbsp;<strong>leraar<\/strong>, de inwijding een <strong>inhuldiging<\/strong>\u2026door priesters.<\/em><\/p>\n<p style=\"text-align: center;\"><em><strong>Tijdens deze inwijding ontvang je een aantal afstemmingen<br \/>\ndie in de inwijding besloten zitten&#8230;&#8230;.<\/strong><\/em><br \/>\n<em>&nbsp; &nbsp;1)&nbsp; \u2022 De Lemurische&nbsp;Tempel&nbsp;Initiatie<\/em><br \/>\n<em>&nbsp; &nbsp;2) \u2022&nbsp; De Dimensionale Resonantie Activatie<\/em><br \/>\n<em>&nbsp; &nbsp;3) \u2022&nbsp; De&nbsp;Dimensionale&nbsp;Resonantie Afstemming<\/em><br \/>\n<em>&nbsp; &nbsp;4) \u2022&nbsp; Lemurische Empowerments<\/em><\/p>\n<p style=\"text-align: center;\"><em>Na deze&nbsp;<strong>initiaties<\/strong>&nbsp;kun je je op elk moment toegang geven tot de Lemurische tempel <\/em><br \/>\n<em>in meditatie om hun steun, liefde en begeleiding te ontvangen.<\/em><\/p>\n<p style=\"text-align: center;\"><em><strong>De Inwijding<br \/>\n<\/strong><\/em><em>De inwijding wordt meestal op afstand gedaan,<br \/>\nmaar het is ook mogelijk om af te spreken en elkaar te ontmoeten.<\/em><br \/>\n<em>Bij de inwijding op afstand, krijg je begeleiding vooraf, tijdens en achteraf via mail.<\/em><br \/>\n<em><br \/>\nNa de inwijding krijg je uitleg van wat ik ervaren heb tijdens je inwijding,<br \/>\nper mail toegestuurd.<\/em><\/p>\n<p style=\"text-align: center;\"><span style=\"color: #339966;\"><em><b>Investering<\/b><br \/>\n<\/em><strong><em>\u20ac 65,- voor deze mooie inwijding ,<\/em><\/strong><\/span><br \/>\n<span style=\"color: #339966;\"><strong><em>inclusief certificaat en informatie om de inwijding zelf door te geven.<\/em><\/strong><\/span><\/p>\n<p style=\"text-align: center;\"><em><strong>Inschrijven en\/of informatie,<br \/>\nmail naar; info@debronvanlicht.nl<\/strong><\/em><br \/>\n<em><strong>of<\/strong><\/em><br \/>\n<em><strong>tel. 0181639497<\/strong><\/em><\/p>\n<p style=\"text-align: center;\"><em>\u00a9 2006 \u2013 2026 Spiritueel Centrum \u201cDe Bron van Licht\u201d V.o.f.<br \/>\nKersengaard 62 Spijkenisse<br \/>\n<\/em><\/p>\n<p style=\"text-align: center;\">&nbsp;<\/p>\n","protected":false},"excerpt":{"rendered":"<p>Lemuri\u00eb is een oude beschaving voorafgaand aan en tijdens de tijd van Atlantis. Er wordt aangenomen dat Lemuri\u00eb grotendeels bestond in de zuidelijke Stille Oceaan, tussen Noord-Amerika en Azi\u00eb\/ Australi\u00eb. <a class=\"more-link\" href=\"https:\/\/debronvanlicht.nl\/index.php\/reacties\/lemurische-facilitator\/\">Continue Reading \u2192<\/a><\/p>\n","protected":false},"author":4,"featured_media":0,"parent":2463,"menu_order":2,"comment_status":"closed","ping_status":"closed","template":"","meta":{"ngg_post_thumbnail":0,"footnotes":""},"class_list":["post-3220","page","type-page","status-publish","hentry"],"yoast_head":"<!-- This site is optimized with the Yoast SEO plugin v27.6 - https:\/\/yoast.com\/product\/yoast-seo-wordpress\/ -->\n<title>Lemurische Facilitator - Spiritueel Centrum &quot;De Bron van Licht&quot; V.o.f.<\/title>\n<meta name=\"robots\" content=\"index, follow, max-snippet:-1, max-image-preview:large, max-video-preview:-1\" \/>\n<link rel=\"canonical\" href=\"https:\/\/debronvanlicht.nl\/index.php\/reacties\/lemurische-facilitator\/\" \/>\n<meta property=\"og:locale\" content=\"nl_NL\" \/>\n<meta property=\"og:type\" content=\"article\" \/>\n<meta property=\"og:title\" content=\"Lemurische Facilitator - Spiritueel Centrum &quot;De Bron van Licht&quot; V.o.f.\" \/>\n<meta property=\"og:description\" content=\"Lemuri\u00eb is een oude beschaving voorafgaand aan en tijdens de tijd van Atlantis. Er wordt aangenomen dat Lemuri\u00eb grotendeels bestond in de zuidelijke Stille Oceaan, tussen Noord-Amerika en Azi\u00eb\/ Australi\u00eb. Continue Reading \u2192\" \/>\n<meta property=\"og:url\" content=\"https:\/\/debronvanlicht.nl\/index.php\/reacties\/lemurische-facilitator\/\" \/>\n<meta property=\"og:site_name\" content=\"Spiritueel Centrum &quot;De Bron van Licht&quot; V.o.f.\" \/>\n<meta property=\"article:publisher\" content=\"https:\/\/nl-nl.facebook.com\/debronvanlicht\" \/>\n<meta property=\"article:modified_time\" content=\"2026-01-05T09:22:38+00:00\" \/>\n<meta property=\"og:image\" content=\"https:\/\/debronvanlicht.nl\/wp-content\/uploads\/2022\/10\/Lemurie3.png\" \/>\n\t<meta property=\"og:image:width\" content=\"399\" \/>\n\t<meta property=\"og:image:height\" content=\"280\" \/>\n\t<meta property=\"og:image:type\" content=\"image\/png\" \/>\n<meta name=\"twitter:label1\" content=\"Geschatte leestijd\" \/>\n\t<meta name=\"twitter:data1\" content=\"3 minuten\" \/>\n<script type=\"application\/ld+json\" class=\"yoast-schema-graph\">{\"@context\":\"https:\\\/\\\/schema.org\",\"@graph\":[{\"@type\":\"WebPage\",\"@id\":\"https:\\\/\\\/debronvanlicht.nl\\\/index.php\\\/reacties\\\/lemurische-facilitator\\\/\",\"url\":\"https:\\\/\\\/debronvanlicht.nl\\\/index.php\\\/reacties\\\/lemurische-facilitator\\\/\",\"name\":\"Lemurische Facilitator - Spiritueel Centrum &quot;De Bron van Licht&quot; V.o.f.\",\"isPartOf\":{\"@id\":\"https:\\\/\\\/debronvanlicht.nl\\\/#website\"},\"primaryImageOfPage\":{\"@id\":\"https:\\\/\\\/debronvanlicht.nl\\\/index.php\\\/reacties\\\/lemurische-facilitator\\\/#primaryimage\"},\"image\":{\"@id\":\"https:\\\/\\\/debronvanlicht.nl\\\/index.php\\\/reacties\\\/lemurische-facilitator\\\/#primaryimage\"},\"thumbnailUrl\":\"https:\\\/\\\/debronvanlicht.nl\\\/wp-content\\\/uploads\\\/2022\\\/10\\\/Lemurie3-300x211.png\",\"datePublished\":\"2022-10-25T19:10:25+00:00\",\"dateModified\":\"2026-01-05T09:22:38+00:00\",\"breadcrumb\":{\"@id\":\"https:\\\/\\\/debronvanlicht.nl\\\/index.php\\\/reacties\\\/lemurische-facilitator\\\/#breadcrumb\"},\"inLanguage\":\"nl-NL\",\"potentialAction\":[{\"@type\":\"ReadAction\",\"target\":[\"https:\\\/\\\/debronvanlicht.nl\\\/index.php\\\/reacties\\\/lemurische-facilitator\\\/\"]}]},{\"@type\":\"ImageObject\",\"inLanguage\":\"nl-NL\",\"@id\":\"https:\\\/\\\/debronvanlicht.nl\\\/index.php\\\/reacties\\\/lemurische-facilitator\\\/#primaryimage\",\"url\":\"https:\\\/\\\/debronvanlicht.nl\\\/wp-content\\\/uploads\\\/2022\\\/10\\\/Lemurie3.png\",\"contentUrl\":\"https:\\\/\\\/debronvanlicht.nl\\\/wp-content\\\/uploads\\\/2022\\\/10\\\/Lemurie3.png\",\"width\":399,\"height\":280},{\"@type\":\"BreadcrumbList\",\"@id\":\"https:\\\/\\\/debronvanlicht.nl\\\/index.php\\\/reacties\\\/lemurische-facilitator\\\/#breadcrumb\",\"itemListElement\":[{\"@type\":\"ListItem\",\"position\":1,\"name\":\"Home\",\"item\":\"https:\\\/\\\/debronvanlicht.nl\\\/\"},{\"@type\":\"ListItem\",\"position\":2,\"name\":\"Afstandsinwijdingen\",\"item\":\"https:\\\/\\\/debronvanlicht.nl\\\/index.php\\\/reacties\\\/\"},{\"@type\":\"ListItem\",\"position\":3,\"name\":\"Lemurische Facilitator\"}]},{\"@type\":\"WebSite\",\"@id\":\"https:\\\/\\\/debronvanlicht.nl\\\/#website\",\"url\":\"https:\\\/\\\/debronvanlicht.nl\\\/\",\"name\":\"De Bron van Licht\",\"description\":\"&quot;Praktijk voor alternatieve \\\/ spirituele geneeswijze&quot; Kersengaard 62 in Spijkenisse 0181639497\",\"potentialAction\":[{\"@type\":\"SearchAction\",\"target\":{\"@type\":\"EntryPoint\",\"urlTemplate\":\"https:\\\/\\\/debronvanlicht.nl\\\/?s={search_term_string}\"},\"query-input\":{\"@type\":\"PropertyValueSpecification\",\"valueRequired\":true,\"valueName\":\"search_term_string\"}}],\"inLanguage\":\"nl-NL\"}]}<\/script>\n<!-- \/ Yoast SEO plugin. -->","yoast_head_json":{"title":"Lemurische Facilitator - Spiritueel Centrum &quot;De Bron van Licht&quot; V.o.f.","robots":{"index":"index","follow":"follow","max-snippet":"max-snippet:-1","max-image-preview":"max-image-preview:large","max-video-preview":"max-video-preview:-1"},"canonical":"https:\/\/debronvanlicht.nl\/index.php\/reacties\/lemurische-facilitator\/","og_locale":"nl_NL","og_type":"article","og_title":"Lemurische Facilitator - Spiritueel Centrum &quot;De Bron van Licht&quot; V.o.f.","og_description":"Lemuri\u00eb is een oude beschaving voorafgaand aan en tijdens de tijd van Atlantis. Er wordt aangenomen dat Lemuri\u00eb grotendeels bestond in de zuidelijke Stille Oceaan, tussen Noord-Amerika en Azi\u00eb\/ Australi\u00eb. Continue Reading \u2192","og_url":"https:\/\/debronvanlicht.nl\/index.php\/reacties\/lemurische-facilitator\/","og_site_name":"Spiritueel Centrum &quot;De Bron van Licht&quot; V.o.f.","article_publisher":"https:\/\/nl-nl.facebook.com\/debronvanlicht","article_modified_time":"2026-01-05T09:22:38+00:00","og_image":[{"width":399,"height":280,"url":"https:\/\/debronvanlicht.nl\/wp-content\/uploads\/2022\/10\/Lemurie3.png","type":"image\/png"}],"twitter_misc":{"Geschatte leestijd":"3 minuten"},"schema":{"@context":"https:\/\/schema.org","@graph":[{"@type":"WebPage","@id":"https:\/\/debronvanlicht.nl\/index.php\/reacties\/lemurische-facilitator\/","url":"https:\/\/debronvanlicht.nl\/index.php\/reacties\/lemurische-facilitator\/","name":"Lemurische Facilitator - Spiritueel Centrum &quot;De Bron van Licht&quot; V.o.f.","isPartOf":{"@id":"https:\/\/debronvanlicht.nl\/#website"},"primaryImageOfPage":{"@id":"https:\/\/debronvanlicht.nl\/index.php\/reacties\/lemurische-facilitator\/#primaryimage"},"image":{"@id":"https:\/\/debronvanlicht.nl\/index.php\/reacties\/lemurische-facilitator\/#primaryimage"},"thumbnailUrl":"https:\/\/debronvanlicht.nl\/wp-content\/uploads\/2022\/10\/Lemurie3-300x211.png","datePublished":"2022-10-25T19:10:25+00:00","dateModified":"2026-01-05T09:22:38+00:00","breadcrumb":{"@id":"https:\/\/debronvanlicht.nl\/index.php\/reacties\/lemurische-facilitator\/#breadcrumb"},"inLanguage":"nl-NL","potentialAction":[{"@type":"ReadAction","target":["https:\/\/debronvanlicht.nl\/index.php\/reacties\/lemurische-facilitator\/"]}]},{"@type":"ImageObject","inLanguage":"nl-NL","@id":"https:\/\/debronvanlicht.nl\/index.php\/reacties\/lemurische-facilitator\/#primaryimage","url":"https:\/\/debronvanlicht.nl\/wp-content\/uploads\/2022\/10\/Lemurie3.png","contentUrl":"https:\/\/debronvanlicht.nl\/wp-content\/uploads\/2022\/10\/Lemurie3.png","width":399,"height":280},{"@type":"BreadcrumbList","@id":"https:\/\/debronvanlicht.nl\/index.php\/reacties\/lemurische-facilitator\/#breadcrumb","itemListElement":[{"@type":"ListItem","position":1,"name":"Home","item":"https:\/\/debronvanlicht.nl\/"},{"@type":"ListItem","position":2,"name":"Afstandsinwijdingen","item":"https:\/\/debronvanlicht.nl\/index.php\/reacties\/"},{"@type":"ListItem","position":3,"name":"Lemurische Facilitator"}]},{"@type":"WebSite","@id":"https:\/\/debronvanlicht.nl\/#website","url":"https:\/\/debronvanlicht.nl\/","name":"De Bron van Licht","description":"&quot;Praktijk voor alternatieve \/ spirituele geneeswijze&quot; Kersengaard 62 in Spijkenisse 0181639497","potentialAction":[{"@type":"SearchAction","target":{"@type":"EntryPoint","urlTemplate":"https:\/\/debronvanlicht.nl\/?s={search_term_string}"},"query-input":{"@type":"PropertyValueSpecification","valueRequired":true,"valueName":"search_term_string"}}],"inLanguage":"nl-NL"}]}},"_links":{"self":[{"href":"https:\/\/debronvanlicht.nl\/index.php\/wp-json\/wp\/v2\/pages\/3220","targetHints":{"allow":["GET"]}}],"collection":[{"href":"https:\/\/debronvanlicht.nl\/index.php\/wp-json\/wp\/v2\/pages"}],"about":[{"href":"https:\/\/debronvanlicht.nl\/index.php\/wp-json\/wp\/v2\/types\/page"}],"author":[{"embeddable":true,"href":"https:\/\/debronvanlicht.nl\/index.php\/wp-json\/wp\/v2\/users\/4"}],"replies":[{"embeddable":true,"href":"https:\/\/debronvanlicht.nl\/index.php\/wp-json\/wp\/v2\/comments?post=3220"}],"version-history":[{"count":17,"href":"https:\/\/debronvanlicht.nl\/index.php\/wp-json\/wp\/v2\/pages\/3220\/revisions"}],"predecessor-version":[{"id":3965,"href":"https:\/\/debronvanlicht.nl\/index.php\/wp-json\/wp\/v2\/pages\/3220\/revisions\/3965"}],"up":[{"embeddable":true,"href":"https:\/\/debronvanlicht.nl\/index.php\/wp-json\/wp\/v2\/pages\/2463"}],"wp:attachment":[{"href":"https:\/\/debronvanlicht.nl\/index.php\/wp-json\/wp\/v2\/media?parent=3220"}],"curies":[{"name":"wp","href":"https:\/\/api.w.org\/{rel}","templated":true}]}}