{"id":3150,"date":"2022-08-30T14:52:24","date_gmt":"2022-08-30T12:52:24","guid":{"rendered":"https:\/\/debronvanlicht.nl\/?page_id=3150"},"modified":"2026-01-05T10:24:40","modified_gmt":"2026-01-05T09:24:40","slug":"awakening-the-light-codes-of-atlantis","status":"publish","type":"page","link":"https:\/\/debronvanlicht.nl\/index.php\/reacties\/awakening-the-light-codes-of-atlantis\/","title":{"rendered":"Awakening The Light Codes of Atlantis"},"content":{"rendered":"<p style=\"text-align: center;\">&nbsp;<\/p>\n<p style=\"text-align: center;\"><a onclick=\"javascript:pageTracker._trackPageview('\/downloads\/wp-content\/uploads\/2022\/08\/476ad6e417b895ea23557173f8bd863b.jpg');\"  href=\"https:\/\/debronvanlicht.nl\/wp-content\/uploads\/2022\/08\/476ad6e417b895ea23557173f8bd863b.jpg\"><img loading=\"lazy\" decoding=\"async\" class=\" wp-image-3151 alignleft\" src=\"https:\/\/debronvanlicht.nl\/wp-content\/uploads\/2022\/08\/476ad6e417b895ea23557173f8bd863b-206x300.jpg\" alt=\"\" width=\"218\" height=\"312\"><\/a><br \/>\n<em>Atlantis Inwijding<\/em><br \/>\n<em>Deze Inwijding of Initiatie is een opneming <\/em><br \/>\n<em>of een verbinding van krachten en vermogens,<\/em><br \/>\n<em><span style=\"font-size: 16px; font-weight: 300;\">van energie of werelden,<br \/>\n<\/span>waar kennis en talenten in jezelf door worden geactiveerd, <\/em><br \/>\n<em>bekrachtigd of herkend en opnieuw geprogrammeerd.<\/em><br \/>\n<em><span style=\"font-size: 16px; font-weight: 300;\">Op het moment dat jij jezelf opent voor deze&nbsp;<\/span>energie\u00ebn <\/em><br \/>\n<em>en verbinding maakt met deze energie,<\/em><br \/>\n<em><span style=\"font-size: 16px; font-weight: 300;\">komt deze energie in jou tot leven.<br \/>\n<\/span><span style=\"font-size: 16px; font-weight: 300;\">Hierdoor verander je van een \u201coorspronkelijk mens\u201d<br \/>\n<\/span><span style=\"font-size: 16px; font-weight: 300;\">in een \u201cwedergeboren nieuw mens\u201d.<\/span><\/em><\/p>\n<p style=\"text-align: center;\"><strong>&nbsp;<\/strong><\/p>\n<p style=\"text-align: center;\"><em>Terwijl Moeder Aarde door een moeilijke periode van transformatie gaat,<\/em><br \/>\n<em><span style=\"font-size: 16px; font-weight: 300;\">en iedereen haar krachten, kennis en energie gebruikt in dienst van de planetaire Ascensie.<br \/>\nIs nu de tijd aangebroken om in verbinding te komen met ons erfgoed<br \/>\nom onze ware zelf te herkennen en oude geloofssystemen,<br \/>\ngedachten en verwachtingen los te laten.<\/span><\/em><\/p>\n<p style=\"text-align: center;\"><em>We kunnen onze angsten en het gevoel van afscheiding overwinnen, <\/em><br \/>\n<em>om te zien dat alles \u00e9\u00e9n is. Alleen \u201cIK BEN\u201d verbindt ons met elkaar. <\/em><br \/>\n<em>We samen door de poort van vernieuwing kunnen gaan in een voor ons nog onbekende wereld.&nbsp;<\/em><br \/>\n<em>Hier zullen we ontdekken wat schoonheid is, en de diversiteit van AL wat is en altijd zal zijn.<\/em><\/p>\n<p style=\"text-align: center;\"><em>Nu staan we open voor hogere bewustzijn en hogere frequenties.<\/em><br \/>\n<em> Dit proces is al voorspeld door eeuwen oude profeties<br \/>\nen staat ons nu toe onze aangeboren kennis terug te halen. <\/em><br \/>\n<em>We zijn \u00e9\u00e9n met Moeder Aarde, \u00e9\u00e9n met alle levensvormen, we zijn goddelijk.<\/em><\/p>\n<p style=\"text-align: center;\"><em>Met deze inwijding wordt ons fysieke lichaam gezuiverd om ons voor te bereiden op de Ascentie.<br \/>\n<\/em><em>Al onze licht codes worden geactiveerd. Hierdoor krijgen we toegang tot onze oerkennis.<\/em><\/p>\n<p style=\"text-align: center;\"><em>Thoth zal ons bijstaan in de Kristallen Tempel van Atlantis. <\/em><br \/>\n<em>Waardoor we toegang tot&nbsp;ons erfgoed krijgen en deze kunnen toepassen in ons leven. <\/em><br \/>\n<em>Het onthult onze diepste zelf en laat ons zien wie en wat we zijn. <\/em><br \/>\n<em>Hoe we liefde kunnen uitdragen in deze wereld. <\/em><br \/>\n<em>De inwijding geeft ons gereedschappen en assistentie, <\/em><em>als ook Helpers,<br \/>\nzodat deze licht codes onze weg kunnen vergemakkelijken.<\/em><\/p>\n<p style=\"text-align: center;\"><em>De inwijding is een belofte van Zelf Meesterschap en liefde voor AL wat is.&nbsp;<\/em><br \/>\n<em>Het opent ons op de hoogste niveaus, <\/em><em>bij het dienen van het licht en alle bewoners van alle werelden. <\/em><br \/>\n<em>We kunnen onze belofte aan onze broeders en zusters, <\/em><em>en vooral aan onszelf waarmaken,<br \/>\nop alle niveaus van ons leven.<\/em><\/p>\n<p style=\"text-align: center;\"><span style=\"color: #3366ff;\"><em>Het copyright van bovenstaande tekst behoort aan: Ellen Dana Stamer 2007 \u00a9<\/em><\/span><\/p>\n<p style=\"text-align: center;\"><em><strong>De Inwijding<br \/>\n<\/strong><\/em><em>De inwijding wordt meestal op afstand gedaan,<br \/>\nmaar het is ook mogelijk om af te spreken en elkaar te ontmoeten.<\/em><br \/>\n<em>Als we elkaar gaan ontmoeten is de prijs anders dan vermeld hieronder.<\/em><br \/>\n<em>Bij de inwijding op afstand, krijg je begeleiding vooraf, tijdens en achteraf via mail en\/of telefoon.<\/em><br \/>\n<em>Na de inwijding krijg je een certificaat en een uitleg wat ik ervaren heb tijdens je inwijding,<br \/>\nper mail toegestuurd.<\/em><\/p>\n<p style=\"text-align: center;\"><span style=\"color: #339966;\"><strong><em>Investering<br \/>\n<\/em><em>\u20ac 65,- voor deze mooie inwijding ,<\/em><\/strong><\/span><br \/>\n<span style=\"color: #339966;\"><strong><em>inclusief certificaat en informatie om de inwijding zelf door te geven.<\/em><\/strong><\/span><\/p>\n<p style=\"text-align: center;\"><em><strong>Inschrijven en\/of informatie,<br \/>\nmail naar; info@debronvanlicht.nl<\/strong><\/em><br \/>\n<em><strong>of<\/strong><\/em><br \/>\n<em><strong>tel. 0181639497<\/strong><\/em><\/p>\n<p style=\"text-align: center;\"><em>\u00a9 2006 \u2013 2026 Spiritueel Centrum \u201cDe Bron van Licht\u201d V.o.f.<br \/>\nKersengaard 62 Spijkenisse<br \/>\n<\/em><\/p>\n<p style=\"text-align: center;\"><em>&nbsp;<\/em><\/p>\n","protected":false},"excerpt":{"rendered":"<p>&nbsp; Atlantis Inwijding Deze Inwijding of Initiatie is een opneming of een verbinding van krachten en vermogens, van energie of werelden, waar kennis en talenten in jezelf door worden geactiveerd, <a class=\"more-link\" href=\"https:\/\/debronvanlicht.nl\/index.php\/reacties\/awakening-the-light-codes-of-atlantis\/\">Continue Reading \u2192<\/a><\/p>\n","protected":false},"author":4,"featured_media":0,"parent":2463,"menu_order":3,"comment_status":"closed","ping_status":"closed","template":"","meta":{"ngg_post_thumbnail":0,"footnotes":""},"class_list":["post-3150","page","type-page","status-publish","hentry"],"yoast_head":"<!-- This site is optimized with the Yoast SEO plugin v27.6 - https:\/\/yoast.com\/product\/yoast-seo-wordpress\/ -->\n<title>Awakening The Light Codes of Atlantis - Spiritueel Centrum &quot;De Bron van Licht&quot; V.o.f.<\/title>\n<meta name=\"robots\" content=\"index, follow, max-snippet:-1, max-image-preview:large, max-video-preview:-1\" \/>\n<link rel=\"canonical\" href=\"https:\/\/debronvanlicht.nl\/index.php\/reacties\/awakening-the-light-codes-of-atlantis\/\" \/>\n<meta property=\"og:locale\" content=\"nl_NL\" \/>\n<meta property=\"og:type\" content=\"article\" \/>\n<meta property=\"og:title\" content=\"Awakening The Light Codes of Atlantis - Spiritueel Centrum &quot;De Bron van Licht&quot; V.o.f.\" \/>\n<meta property=\"og:description\" content=\"&nbsp; Atlantis Inwijding Deze Inwijding of Initiatie is een opneming of een verbinding van krachten en vermogens, van energie of werelden, waar kennis en talenten in jezelf door worden geactiveerd, Continue Reading \u2192\" \/>\n<meta property=\"og:url\" content=\"https:\/\/debronvanlicht.nl\/index.php\/reacties\/awakening-the-light-codes-of-atlantis\/\" \/>\n<meta property=\"og:site_name\" content=\"Spiritueel Centrum &quot;De Bron van Licht&quot; V.o.f.\" \/>\n<meta property=\"article:publisher\" content=\"https:\/\/nl-nl.facebook.com\/debronvanlicht\" \/>\n<meta property=\"article:modified_time\" content=\"2026-01-05T09:24:40+00:00\" \/>\n<meta property=\"og:image\" content=\"https:\/\/debronvanlicht.nl\/wp-content\/uploads\/2022\/08\/476ad6e417b895ea23557173f8bd863b.jpg\" \/>\n\t<meta property=\"og:image:width\" content=\"500\" \/>\n\t<meta property=\"og:image:height\" content=\"728\" \/>\n\t<meta property=\"og:image:type\" content=\"image\/jpeg\" \/>\n<meta name=\"twitter:label1\" content=\"Geschatte leestijd\" \/>\n\t<meta name=\"twitter:data1\" content=\"3 minuten\" \/>\n<script type=\"application\/ld+json\" class=\"yoast-schema-graph\">{\"@context\":\"https:\\\/\\\/schema.org\",\"@graph\":[{\"@type\":\"WebPage\",\"@id\":\"https:\\\/\\\/debronvanlicht.nl\\\/index.php\\\/reacties\\\/awakening-the-light-codes-of-atlantis\\\/\",\"url\":\"https:\\\/\\\/debronvanlicht.nl\\\/index.php\\\/reacties\\\/awakening-the-light-codes-of-atlantis\\\/\",\"name\":\"Awakening The Light Codes of Atlantis - Spiritueel Centrum &quot;De Bron van Licht&quot; V.o.f.\",\"isPartOf\":{\"@id\":\"https:\\\/\\\/debronvanlicht.nl\\\/#website\"},\"primaryImageOfPage\":{\"@id\":\"https:\\\/\\\/debronvanlicht.nl\\\/index.php\\\/reacties\\\/awakening-the-light-codes-of-atlantis\\\/#primaryimage\"},\"image\":{\"@id\":\"https:\\\/\\\/debronvanlicht.nl\\\/index.php\\\/reacties\\\/awakening-the-light-codes-of-atlantis\\\/#primaryimage\"},\"thumbnailUrl\":\"https:\\\/\\\/debronvanlicht.nl\\\/wp-content\\\/uploads\\\/2022\\\/08\\\/476ad6e417b895ea23557173f8bd863b-206x300.jpg\",\"datePublished\":\"2022-08-30T12:52:24+00:00\",\"dateModified\":\"2026-01-05T09:24:40+00:00\",\"breadcrumb\":{\"@id\":\"https:\\\/\\\/debronvanlicht.nl\\\/index.php\\\/reacties\\\/awakening-the-light-codes-of-atlantis\\\/#breadcrumb\"},\"inLanguage\":\"nl-NL\",\"potentialAction\":[{\"@type\":\"ReadAction\",\"target\":[\"https:\\\/\\\/debronvanlicht.nl\\\/index.php\\\/reacties\\\/awakening-the-light-codes-of-atlantis\\\/\"]}]},{\"@type\":\"ImageObject\",\"inLanguage\":\"nl-NL\",\"@id\":\"https:\\\/\\\/debronvanlicht.nl\\\/index.php\\\/reacties\\\/awakening-the-light-codes-of-atlantis\\\/#primaryimage\",\"url\":\"https:\\\/\\\/debronvanlicht.nl\\\/wp-content\\\/uploads\\\/2022\\\/08\\\/476ad6e417b895ea23557173f8bd863b.jpg\",\"contentUrl\":\"https:\\\/\\\/debronvanlicht.nl\\\/wp-content\\\/uploads\\\/2022\\\/08\\\/476ad6e417b895ea23557173f8bd863b.jpg\",\"width\":500,\"height\":728},{\"@type\":\"BreadcrumbList\",\"@id\":\"https:\\\/\\\/debronvanlicht.nl\\\/index.php\\\/reacties\\\/awakening-the-light-codes-of-atlantis\\\/#breadcrumb\",\"itemListElement\":[{\"@type\":\"ListItem\",\"position\":1,\"name\":\"Home\",\"item\":\"https:\\\/\\\/debronvanlicht.nl\\\/\"},{\"@type\":\"ListItem\",\"position\":2,\"name\":\"Afstandsinwijdingen\",\"item\":\"https:\\\/\\\/debronvanlicht.nl\\\/index.php\\\/reacties\\\/\"},{\"@type\":\"ListItem\",\"position\":3,\"name\":\"Awakening The Light Codes of Atlantis\"}]},{\"@type\":\"WebSite\",\"@id\":\"https:\\\/\\\/debronvanlicht.nl\\\/#website\",\"url\":\"https:\\\/\\\/debronvanlicht.nl\\\/\",\"name\":\"De Bron van Licht\",\"description\":\"&quot;Praktijk voor alternatieve \\\/ spirituele geneeswijze&quot; Kersengaard 62 in Spijkenisse 0181639497\",\"potentialAction\":[{\"@type\":\"SearchAction\",\"target\":{\"@type\":\"EntryPoint\",\"urlTemplate\":\"https:\\\/\\\/debronvanlicht.nl\\\/?s={search_term_string}\"},\"query-input\":{\"@type\":\"PropertyValueSpecification\",\"valueRequired\":true,\"valueName\":\"search_term_string\"}}],\"inLanguage\":\"nl-NL\"}]}<\/script>\n<!-- \/ Yoast SEO plugin. -->","yoast_head_json":{"title":"Awakening The Light Codes of Atlantis - Spiritueel Centrum &quot;De Bron van Licht&quot; V.o.f.","robots":{"index":"index","follow":"follow","max-snippet":"max-snippet:-1","max-image-preview":"max-image-preview:large","max-video-preview":"max-video-preview:-1"},"canonical":"https:\/\/debronvanlicht.nl\/index.php\/reacties\/awakening-the-light-codes-of-atlantis\/","og_locale":"nl_NL","og_type":"article","og_title":"Awakening The Light Codes of Atlantis - Spiritueel Centrum &quot;De Bron van Licht&quot; V.o.f.","og_description":"&nbsp; Atlantis Inwijding Deze Inwijding of Initiatie is een opneming of een verbinding van krachten en vermogens, van energie of werelden, waar kennis en talenten in jezelf door worden geactiveerd, Continue Reading \u2192","og_url":"https:\/\/debronvanlicht.nl\/index.php\/reacties\/awakening-the-light-codes-of-atlantis\/","og_site_name":"Spiritueel Centrum &quot;De Bron van Licht&quot; V.o.f.","article_publisher":"https:\/\/nl-nl.facebook.com\/debronvanlicht","article_modified_time":"2026-01-05T09:24:40+00:00","og_image":[{"width":500,"height":728,"url":"https:\/\/debronvanlicht.nl\/wp-content\/uploads\/2022\/08\/476ad6e417b895ea23557173f8bd863b.jpg","type":"image\/jpeg"}],"twitter_misc":{"Geschatte leestijd":"3 minuten"},"schema":{"@context":"https:\/\/schema.org","@graph":[{"@type":"WebPage","@id":"https:\/\/debronvanlicht.nl\/index.php\/reacties\/awakening-the-light-codes-of-atlantis\/","url":"https:\/\/debronvanlicht.nl\/index.php\/reacties\/awakening-the-light-codes-of-atlantis\/","name":"Awakening The Light Codes of Atlantis - Spiritueel Centrum &quot;De Bron van Licht&quot; V.o.f.","isPartOf":{"@id":"https:\/\/debronvanlicht.nl\/#website"},"primaryImageOfPage":{"@id":"https:\/\/debronvanlicht.nl\/index.php\/reacties\/awakening-the-light-codes-of-atlantis\/#primaryimage"},"image":{"@id":"https:\/\/debronvanlicht.nl\/index.php\/reacties\/awakening-the-light-codes-of-atlantis\/#primaryimage"},"thumbnailUrl":"https:\/\/debronvanlicht.nl\/wp-content\/uploads\/2022\/08\/476ad6e417b895ea23557173f8bd863b-206x300.jpg","datePublished":"2022-08-30T12:52:24+00:00","dateModified":"2026-01-05T09:24:40+00:00","breadcrumb":{"@id":"https:\/\/debronvanlicht.nl\/index.php\/reacties\/awakening-the-light-codes-of-atlantis\/#breadcrumb"},"inLanguage":"nl-NL","potentialAction":[{"@type":"ReadAction","target":["https:\/\/debronvanlicht.nl\/index.php\/reacties\/awakening-the-light-codes-of-atlantis\/"]}]},{"@type":"ImageObject","inLanguage":"nl-NL","@id":"https:\/\/debronvanlicht.nl\/index.php\/reacties\/awakening-the-light-codes-of-atlantis\/#primaryimage","url":"https:\/\/debronvanlicht.nl\/wp-content\/uploads\/2022\/08\/476ad6e417b895ea23557173f8bd863b.jpg","contentUrl":"https:\/\/debronvanlicht.nl\/wp-content\/uploads\/2022\/08\/476ad6e417b895ea23557173f8bd863b.jpg","width":500,"height":728},{"@type":"BreadcrumbList","@id":"https:\/\/debronvanlicht.nl\/index.php\/reacties\/awakening-the-light-codes-of-atlantis\/#breadcrumb","itemListElement":[{"@type":"ListItem","position":1,"name":"Home","item":"https:\/\/debronvanlicht.nl\/"},{"@type":"ListItem","position":2,"name":"Afstandsinwijdingen","item":"https:\/\/debronvanlicht.nl\/index.php\/reacties\/"},{"@type":"ListItem","position":3,"name":"Awakening The Light Codes of Atlantis"}]},{"@type":"WebSite","@id":"https:\/\/debronvanlicht.nl\/#website","url":"https:\/\/debronvanlicht.nl\/","name":"De Bron van Licht","description":"&quot;Praktijk voor alternatieve \/ spirituele geneeswijze&quot; Kersengaard 62 in Spijkenisse 0181639497","potentialAction":[{"@type":"SearchAction","target":{"@type":"EntryPoint","urlTemplate":"https:\/\/debronvanlicht.nl\/?s={search_term_string}"},"query-input":{"@type":"PropertyValueSpecification","valueRequired":true,"valueName":"search_term_string"}}],"inLanguage":"nl-NL"}]}},"_links":{"self":[{"href":"https:\/\/debronvanlicht.nl\/index.php\/wp-json\/wp\/v2\/pages\/3150","targetHints":{"allow":["GET"]}}],"collection":[{"href":"https:\/\/debronvanlicht.nl\/index.php\/wp-json\/wp\/v2\/pages"}],"about":[{"href":"https:\/\/debronvanlicht.nl\/index.php\/wp-json\/wp\/v2\/types\/page"}],"author":[{"embeddable":true,"href":"https:\/\/debronvanlicht.nl\/index.php\/wp-json\/wp\/v2\/users\/4"}],"replies":[{"embeddable":true,"href":"https:\/\/debronvanlicht.nl\/index.php\/wp-json\/wp\/v2\/comments?post=3150"}],"version-history":[{"count":13,"href":"https:\/\/debronvanlicht.nl\/index.php\/wp-json\/wp\/v2\/pages\/3150\/revisions"}],"predecessor-version":[{"id":3967,"href":"https:\/\/debronvanlicht.nl\/index.php\/wp-json\/wp\/v2\/pages\/3150\/revisions\/3967"}],"up":[{"embeddable":true,"href":"https:\/\/debronvanlicht.nl\/index.php\/wp-json\/wp\/v2\/pages\/2463"}],"wp:attachment":[{"href":"https:\/\/debronvanlicht.nl\/index.php\/wp-json\/wp\/v2\/media?parent=3150"}],"curies":[{"name":"wp","href":"https:\/\/api.w.org\/{rel}","templated":true}]}}