{"id":3009,"date":"2021-11-30T14:46:11","date_gmt":"2021-11-30T13:46:11","guid":{"rendered":"https:\/\/debronvanlicht.nl\/?page_id=3009"},"modified":"2026-01-05T10:32:20","modified_gmt":"2026-01-05T09:32:20","slug":"st-germain","status":"publish","type":"page","link":"https:\/\/debronvanlicht.nl\/index.php\/workshops\/st-germain\/","title":{"rendered":"St. Germain"},"content":{"rendered":"<div id=\"about-1\" class=\"about-1 content-section content-section-spacing-large\" data-label=\"About\" data-id=\"about--1\" data-export-id=\"about-1\" data-category=\"about\">\n<div class=\"gridContainer\">\n<div class=\"row col-xs-12\">\n<div class=\"section-title-col\" data-type=\"column\">\n<h4 style=\"text-align: center;\"><strong><em>Wie is Saint Germain?<\/em><\/strong><\/h4>\n<p class=\"lead\" style=\"text-align: center;\"><em>Saint Germain is een van de opgestegen meesters en is \u00e9\u00e9n van de hi\u00ebrarchien van het Aquariustijdperk.<br \/>\nHij is de houder van de Violette Vlam waarmee hij je o.a. helpt karma en oude energie te transformeren.<br \/>\nHij helpt je om een vreugdevoller en vrijer leven te leiden.<br \/>\nAls je vastzit op fysiek emotioneel, mentaal of spiritueel vlak is hij een uitstekende meester om mee te gaan werken.<\/em><\/p>\n<p style=\"text-align: center;\"><em style=\"font-size: 16px; font-weight: 300;\">Ervaar de kracht van Saint Germain zelf.<br \/>\n<\/em><a onclick=\"javascript:pageTracker._trackPageview('\/downloads\/wp-content\/uploads\/2022\/08\/Germain.jpg');\"  href=\"https:\/\/debronvanlicht.nl\/wp-content\/uploads\/2022\/08\/Germain.jpg\"><img loading=\"lazy\" decoding=\"async\" class=\"alignnone size-full wp-image-3130\" src=\"https:\/\/debronvanlicht.nl\/wp-content\/uploads\/2022\/08\/Germain.jpg\" alt=\"\" width=\"157\" height=\"202\"><\/a><br \/>\n<em style=\"font-size: 16px; font-weight: 300;\"><strong>Zondag &#8230;&#8230;&#8230;&#8230;&#8230;..<\/strong>organiseren Inge Bongenaar (De Bron van Licht) en Lisette Stam<br \/>\n<\/em><em style=\"font-size: 16px; font-weight: 300;\">een prachtige workshop waarbij deze fijne meester centraal staat. <\/em><em style=\"font-size: 16px; font-weight: 300;\">Een dag om jezelf beter te leren kennen, om los te laten wat je niet meer dient en neer te gaan zetten wat je w\u00e9l wilt.<\/em><\/p>\n<\/div>\n<\/div>\n<\/div>\n<\/div>\n<div id=\"cta-2\" class=\"cta-4m content-section content-section-spacing-large\" style=\"text-align: center;\" data-label=\"Cta\" data-id=\"cta--2\" data-export-id=\"cta-4-materialis\" data-category=\"cta\">\n<div class=\"gridContainer\">\n<p style=\"text-align: center;\"><em><strong>Over de workshop<br \/>\n<\/strong>We starten de dag met een introductie over de gestegen meester Saint Germain en het violette vuur. Hierna doen we een korte meditatie en gaan we beginnen aan een reis naar binnen aan de hand van het chakraspel. Stap voor stap duik je dieper in jezelf en mag je ervaren wat er in jou leeft en wat je los mag laten.<\/p>\n<p><\/em><strong><span style=\"color: #cc99ff;\"><em style=\"font-size: 16px; font-weight: 300;\">Rond 12.00 uur gaan we lunchen. Er is dan tijd om weer even tot jezelf te komen.<\/em><\/span><\/strong><\/p>\n<\/div>\n<\/div>\n<div id=\"content-2\" class=\"content-10m content-section\" style=\"text-align: center;\" data-label=\"Content\" data-id=\"content--2\" data-export-id=\"content-10-materialis\" data-category=\"content\">\n<div class=\"\">\n<div class=\"row\">\n<div class=\"col-xs-12 col-sm-7 \">\n<div class=\"row middle-sm full-height-row\">\n<div class=\"col-xs-12 col-sm-8 col-sm-offset-2 col-padding\" data-type=\"column\">\n<p class=\"space-bottom\" style=\"text-align: center;\"><em>.<\/em><a style=\"font-size: 16px; font-weight: 300;\" href=\"https:\/\/debronvanlicht.nl\/wp-content\/uploads\/2022\/08\/lotus-paars-768x426-1.webp\"><img loading=\"lazy\" decoding=\"async\" class=\"alignnone size-medium wp-image-3131\" src=\"https:\/\/debronvanlicht.nl\/wp-content\/uploads\/2022\/08\/lotus-paars-768x426-1-300x166.webp\" alt=\"\" width=\"300\" height=\"166\" srcset=\"https:\/\/debronvanlicht.nl\/wp-content\/uploads\/2022\/08\/lotus-paars-768x426-1-300x166.webp 300w, https:\/\/debronvanlicht.nl\/wp-content\/uploads\/2022\/08\/lotus-paars-768x426-1.webp 768w\" sizes=\"auto, (max-width: 300px) 100vw, 300px\" \/><\/a><\/p>\n<p><em style=\"font-size: 16px; font-weight: 300;\">Na de lunch gaan we een meditatie doen aan de hand van de Drievoudige Vlam en de bol van licht. <\/em><em style=\"font-size: 16px; font-weight: 300;\">Om daarna een decree, een mantra te gaan doen zodat je mag ervaren wat deze energie voor jou kan betekenen.<\/em><\/p>\n<\/div>\n<\/div>\n<\/div>\n<\/div>\n<\/div>\n<\/div>\n<div id=\"content-1\" class=\"content-1-materialis content-section content-section-spacing-large\" style=\"text-align: center;\" data-label=\"Content\" data-id=\"content--1\" data-export-id=\"content-1-materialis\" data-category=\"content\">\n<div class=\"gridContainer\">\n<div class=\"row middle-xs\">\n<div class=\"col-xs-12 col-md-5 text-center-sm col-padding-small\" data-type=\"column\">\n<p><em style=\"font-size: 16px; font-weight: 300;\">Hoe je op deze wijze in je eigen veld van oneindige mogelijkheden kan komen.<br \/>\n<\/em><em style=\"font-size: 16px; font-weight: 300;\">Vanuit die energie ga je vervolgens een wensbrief aan jezelf schrijven.<br \/>\n<\/em><em style=\"font-size: 16px; font-weight: 300;\">We ronden de middag met een inwijding om deze ervaring te verankeren in jouw zijn.<\/em><\/p>\n<\/div>\n<\/div>\n<\/div>\n<\/div>\n<div id=\"features-1\" class=\"features-1m content-section content-section-spacing-large\" style=\"text-align: center;\" data-label=\"Features\" data-id=\"features--1\" data-export-id=\"features-1-materialis\" data-category=\"features\">\n<div class=\"gridContainer\">\n<div class=\"row text-center\">\n<div class=\"section-title-col\" data-type=\"column\"><strong style=\"font-size: 16px;\"><em>Ben jij erbij &#8230;&#8230;..<\/em><\/strong><\/div>\n<\/div>\n<\/div>\n<\/div>\n<div id=\"cta-1\" class=\"cta-4m content-section content-section-spacing-large\" style=\"text-align: center;\" data-label=\"Cta\" data-id=\"cta--1\" data-export-id=\"cta-4-materialis\" data-category=\"cta\">\n<div class=\"gridContainer\">\n<div class=\"row text-center\">\n<p class=\"section-title-col\" data-type=\"column\"><em>Wil jij zelf de energie van Saint Germain ervaren?<br \/>\nMeld je dan nu aan voor deze prachtige workshop.<br \/>\nLet op: maximaal 8 deelnemers!<\/em><\/p>\n<h4><em style=\"font-family: 'Helvetica Neue', Arial, sans-serif; font-size: 1.625rem;\"><strong><span style=\"color: #339966;\">Deze workshop wordt gegeven door ,<\/span><br \/>\n<\/strong><strong style=\"font-size: 16px;\"><em>Inge Bongenaar<br \/>\n<\/em><\/strong><\/em><em style=\"font-size: 16px; font-weight: 300;\">Inge Bongenaar is zo\u2019n 20 jaar geleden begonnen met haar eigen praktijk<br \/>\n<\/em><em style=\"font-size: 16px; font-weight: 300;\">&#8220;De \u2018Bron van Licht&#8221; in Spijkenisse samen met haar man Louis.<\/em><\/h4>\n<\/div>\n<\/div>\n<\/div>\n<div id=\"team-1\" class=\"team-8m content-section content-section-spacing-large\" data-label=\"Team\" data-id=\"team--1\" data-export-id=\"team-8-materialis\" data-category=\"team\">\n<div class=\"gridContainer\">\n<div class=\"row spaced-cols content-left-sm\" data-type=\"row\" data-max-items=\"4\">\n<div class=\"col-xs-12 col-sm-12 col-md-6\" style=\"text-align: center;\">\n<div class=\"row\">\n<div class=\"col-xs-12 col-sm-6 col-md-6 right-col\">\n<div class=\"description-container use-section-text-color\" data-type=\"column\">\n<p class=\"no-margin-bottom\" style=\"text-align: center;\"><em>In hun praktijk begeleiden ze mensen die zijn vastgelopen in hun leven.<br \/>\nZij helpen mensen om zich te herinneren wie ze werkelijk zijn en zichzelf te liefhebben<br \/>\nzoals ze zijn en hun leven weer in eigen hand te nemen.<\/em><i class=\"mdi social-icon mdi-facebook color-gray\"><\/i>&nbsp;<i class=\"mdi social-icon mdi-web color-gray\"><\/i><\/p>\n<\/div>\n<\/div>\n<\/div>\n<\/div>\n<div class=\"col-xs-12 col-sm-12 col-md-6\">\n<div class=\"row\">\n<div class=\"col-xs-12 col-sm-6 col-md-6 right-col\">\n<div class=\"description-container use-section-text-color\" style=\"text-align: center;\" data-type=\"column\">\n<p>Wil jij ook aangesloten worden op het Netwerk van Licht?<br \/>\nWil je nog meer weten over de workshop van de Grootmoeders?<\/p>\n<div class=\"row text-center\">\n<div class=\"section-title-col\" data-type=\"column\">\n<h6 style=\"text-align: center;\"><strong><em><span style=\"color: #339966;\">Praktische informatie<br \/>\n<\/span><\/em><\/strong><strong style=\"font-size: 16px;\"><em>Datum &amp; Tijd<br \/>\n<\/em><\/strong><em style=\"font-size: 16px; font-weight: 300;\">Zondag &#8230;&#8230;&#8230;&#8230;&#8230;..&nbsp; van 10.00 uur tot ongeveer 15.30 uur.<\/em><\/h6>\n<\/div>\n<\/div>\n<div class=\"row top-xs space-top-small content-center-sm\" style=\"text-align: center;\" data-type=\"row\">\n<div class=\"col-md-4 col-sm-4 col-xs-12 space-bottom\" data-type=\"column\">\n<p><strong><em>Locatie:<br \/>\n<\/em><\/strong><em>Kersengaard 62 in Spijkenisse (parkeren is gratis)<\/em><\/p>\n<\/div>\n<div class=\"col-md-4 col-sm-4 col-xs-12 space-bottom\" data-type=\"column\">\n<p><span style=\"color: #339966;\"><strong><em>De investering voor deze dag is inclusief koffie, thee en lunch, \u20ac 85,-<\/em><\/strong><\/span><\/p>\n<p><em style=\"font-size: 16px; font-weight: 300;\"><strong>Inschrijven en\/of informatie,<br \/>\n<\/strong><\/em><em style=\"font-size: 16px; font-weight: 300;\"><strong>mail naar info@debronvanlicht.nl<br \/>\n<\/strong><\/em><em style=\"font-size: 16px; font-weight: 300;\"><strong>of<br \/>\n<\/strong><\/em><em style=\"font-size: 16px; font-weight: 300;\"><strong>tel. 0181639497<\/strong><\/em><\/p>\n<\/div>\n<\/div>\n<p style=\"text-align: center;\"><em>\u00a9 2006 \u2013 202<\/em><em style=\"font-size: 16px; font-weight: 300;\">6 Spiritueel Centrum \u201cDe Bron van Licht\u201d V.o.f.<br \/>\n<em>Kersengaard 62 Spijkenisse<\/em><br \/>\n<\/em><\/p>\n<div class=\"social-icons-group col-no-padding\" style=\"text-align: center;\" data-type=\"group\"><i class=\"mdi social-icon mdi-facebook color-gray\"><\/i>&nbsp;<i class=\"mdi social-icon mdi-instagram color-gray\"><\/i><\/div>\n<\/div>\n<\/div>\n<\/div>\n<\/div>\n<\/div>\n<\/div>\n<\/div>\n","protected":false},"excerpt":{"rendered":"<p>Wie is Saint Germain? Saint Germain is een van de opgestegen meesters en is \u00e9\u00e9n van de hi\u00ebrarchien van het Aquariustijdperk. Hij is de houder van de Violette Vlam waarmee <a class=\"more-link\" href=\"https:\/\/debronvanlicht.nl\/index.php\/workshops\/st-germain\/\">Continue Reading \u2192<\/a><\/p>\n","protected":false},"author":4,"featured_media":0,"parent":2262,"menu_order":2,"comment_status":"closed","ping_status":"closed","template":"","meta":{"ngg_post_thumbnail":0,"footnotes":""},"class_list":["post-3009","page","type-page","status-publish","hentry"],"yoast_head":"<!-- This site is optimized with the Yoast SEO plugin v27.6 - https:\/\/yoast.com\/product\/yoast-seo-wordpress\/ -->\n<title>St. Germain - Spiritueel Centrum &quot;De Bron van Licht&quot; V.o.f.<\/title>\n<meta name=\"robots\" content=\"index, follow, max-snippet:-1, max-image-preview:large, max-video-preview:-1\" \/>\n<link rel=\"canonical\" href=\"https:\/\/debronvanlicht.nl\/index.php\/workshops\/st-germain\/\" \/>\n<meta property=\"og:locale\" content=\"nl_NL\" \/>\n<meta property=\"og:type\" content=\"article\" \/>\n<meta property=\"og:title\" content=\"St. Germain - Spiritueel Centrum &quot;De Bron van Licht&quot; V.o.f.\" \/>\n<meta property=\"og:description\" content=\"Wie is Saint Germain? Saint Germain is een van de opgestegen meesters en is \u00e9\u00e9n van de hi\u00ebrarchien van het Aquariustijdperk. Hij is de houder van de Violette Vlam waarmee Continue Reading \u2192\" \/>\n<meta property=\"og:url\" content=\"https:\/\/debronvanlicht.nl\/index.php\/workshops\/st-germain\/\" \/>\n<meta property=\"og:site_name\" content=\"Spiritueel Centrum &quot;De Bron van Licht&quot; V.o.f.\" \/>\n<meta property=\"article:publisher\" content=\"https:\/\/nl-nl.facebook.com\/debronvanlicht\" \/>\n<meta property=\"article:modified_time\" content=\"2026-01-05T09:32:20+00:00\" \/>\n<meta property=\"og:image\" content=\"https:\/\/debronvanlicht.nl\/wp-content\/uploads\/2022\/08\/Germain.jpg\" \/>\n\t<meta property=\"og:image:width\" content=\"157\" \/>\n\t<meta property=\"og:image:height\" content=\"202\" \/>\n\t<meta property=\"og:image:type\" content=\"image\/jpeg\" \/>\n<meta name=\"twitter:label1\" content=\"Geschatte leestijd\" \/>\n\t<meta name=\"twitter:data1\" content=\"3 minuten\" \/>\n<script type=\"application\/ld+json\" class=\"yoast-schema-graph\">{\"@context\":\"https:\\\/\\\/schema.org\",\"@graph\":[{\"@type\":\"WebPage\",\"@id\":\"https:\\\/\\\/debronvanlicht.nl\\\/index.php\\\/workshops\\\/st-germain\\\/\",\"url\":\"https:\\\/\\\/debronvanlicht.nl\\\/index.php\\\/workshops\\\/st-germain\\\/\",\"name\":\"St. Germain - Spiritueel Centrum &quot;De Bron van Licht&quot; V.o.f.\",\"isPartOf\":{\"@id\":\"https:\\\/\\\/debronvanlicht.nl\\\/#website\"},\"primaryImageOfPage\":{\"@id\":\"https:\\\/\\\/debronvanlicht.nl\\\/index.php\\\/workshops\\\/st-germain\\\/#primaryimage\"},\"image\":{\"@id\":\"https:\\\/\\\/debronvanlicht.nl\\\/index.php\\\/workshops\\\/st-germain\\\/#primaryimage\"},\"thumbnailUrl\":\"https:\\\/\\\/debronvanlicht.nl\\\/wp-content\\\/uploads\\\/2022\\\/08\\\/Germain.jpg\",\"datePublished\":\"2021-11-30T13:46:11+00:00\",\"dateModified\":\"2026-01-05T09:32:20+00:00\",\"breadcrumb\":{\"@id\":\"https:\\\/\\\/debronvanlicht.nl\\\/index.php\\\/workshops\\\/st-germain\\\/#breadcrumb\"},\"inLanguage\":\"nl-NL\",\"potentialAction\":[{\"@type\":\"ReadAction\",\"target\":[\"https:\\\/\\\/debronvanlicht.nl\\\/index.php\\\/workshops\\\/st-germain\\\/\"]}]},{\"@type\":\"ImageObject\",\"inLanguage\":\"nl-NL\",\"@id\":\"https:\\\/\\\/debronvanlicht.nl\\\/index.php\\\/workshops\\\/st-germain\\\/#primaryimage\",\"url\":\"https:\\\/\\\/debronvanlicht.nl\\\/wp-content\\\/uploads\\\/2022\\\/08\\\/Germain.jpg\",\"contentUrl\":\"https:\\\/\\\/debronvanlicht.nl\\\/wp-content\\\/uploads\\\/2022\\\/08\\\/Germain.jpg\",\"width\":157,\"height\":202},{\"@type\":\"BreadcrumbList\",\"@id\":\"https:\\\/\\\/debronvanlicht.nl\\\/index.php\\\/workshops\\\/st-germain\\\/#breadcrumb\",\"itemListElement\":[{\"@type\":\"ListItem\",\"position\":1,\"name\":\"Home\",\"item\":\"https:\\\/\\\/debronvanlicht.nl\\\/\"},{\"@type\":\"ListItem\",\"position\":2,\"name\":\"Workshops\",\"item\":\"https:\\\/\\\/debronvanlicht.nl\\\/index.php\\\/workshops\\\/\"},{\"@type\":\"ListItem\",\"position\":3,\"name\":\"St. Germain\"}]},{\"@type\":\"WebSite\",\"@id\":\"https:\\\/\\\/debronvanlicht.nl\\\/#website\",\"url\":\"https:\\\/\\\/debronvanlicht.nl\\\/\",\"name\":\"De Bron van Licht\",\"description\":\"&quot;Praktijk voor alternatieve \\\/ spirituele geneeswijze&quot; Kersengaard 62 in Spijkenisse 0181639497\",\"potentialAction\":[{\"@type\":\"SearchAction\",\"target\":{\"@type\":\"EntryPoint\",\"urlTemplate\":\"https:\\\/\\\/debronvanlicht.nl\\\/?s={search_term_string}\"},\"query-input\":{\"@type\":\"PropertyValueSpecification\",\"valueRequired\":true,\"valueName\":\"search_term_string\"}}],\"inLanguage\":\"nl-NL\"}]}<\/script>\n<!-- \/ Yoast SEO plugin. -->","yoast_head_json":{"title":"St. Germain - Spiritueel Centrum &quot;De Bron van Licht&quot; V.o.f.","robots":{"index":"index","follow":"follow","max-snippet":"max-snippet:-1","max-image-preview":"max-image-preview:large","max-video-preview":"max-video-preview:-1"},"canonical":"https:\/\/debronvanlicht.nl\/index.php\/workshops\/st-germain\/","og_locale":"nl_NL","og_type":"article","og_title":"St. Germain - Spiritueel Centrum &quot;De Bron van Licht&quot; V.o.f.","og_description":"Wie is Saint Germain? Saint Germain is een van de opgestegen meesters en is \u00e9\u00e9n van de hi\u00ebrarchien van het Aquariustijdperk. Hij is de houder van de Violette Vlam waarmee Continue Reading \u2192","og_url":"https:\/\/debronvanlicht.nl\/index.php\/workshops\/st-germain\/","og_site_name":"Spiritueel Centrum &quot;De Bron van Licht&quot; V.o.f.","article_publisher":"https:\/\/nl-nl.facebook.com\/debronvanlicht","article_modified_time":"2026-01-05T09:32:20+00:00","og_image":[{"width":157,"height":202,"url":"https:\/\/debronvanlicht.nl\/wp-content\/uploads\/2022\/08\/Germain.jpg","type":"image\/jpeg"}],"twitter_misc":{"Geschatte leestijd":"3 minuten"},"schema":{"@context":"https:\/\/schema.org","@graph":[{"@type":"WebPage","@id":"https:\/\/debronvanlicht.nl\/index.php\/workshops\/st-germain\/","url":"https:\/\/debronvanlicht.nl\/index.php\/workshops\/st-germain\/","name":"St. Germain - Spiritueel Centrum &quot;De Bron van Licht&quot; V.o.f.","isPartOf":{"@id":"https:\/\/debronvanlicht.nl\/#website"},"primaryImageOfPage":{"@id":"https:\/\/debronvanlicht.nl\/index.php\/workshops\/st-germain\/#primaryimage"},"image":{"@id":"https:\/\/debronvanlicht.nl\/index.php\/workshops\/st-germain\/#primaryimage"},"thumbnailUrl":"https:\/\/debronvanlicht.nl\/wp-content\/uploads\/2022\/08\/Germain.jpg","datePublished":"2021-11-30T13:46:11+00:00","dateModified":"2026-01-05T09:32:20+00:00","breadcrumb":{"@id":"https:\/\/debronvanlicht.nl\/index.php\/workshops\/st-germain\/#breadcrumb"},"inLanguage":"nl-NL","potentialAction":[{"@type":"ReadAction","target":["https:\/\/debronvanlicht.nl\/index.php\/workshops\/st-germain\/"]}]},{"@type":"ImageObject","inLanguage":"nl-NL","@id":"https:\/\/debronvanlicht.nl\/index.php\/workshops\/st-germain\/#primaryimage","url":"https:\/\/debronvanlicht.nl\/wp-content\/uploads\/2022\/08\/Germain.jpg","contentUrl":"https:\/\/debronvanlicht.nl\/wp-content\/uploads\/2022\/08\/Germain.jpg","width":157,"height":202},{"@type":"BreadcrumbList","@id":"https:\/\/debronvanlicht.nl\/index.php\/workshops\/st-germain\/#breadcrumb","itemListElement":[{"@type":"ListItem","position":1,"name":"Home","item":"https:\/\/debronvanlicht.nl\/"},{"@type":"ListItem","position":2,"name":"Workshops","item":"https:\/\/debronvanlicht.nl\/index.php\/workshops\/"},{"@type":"ListItem","position":3,"name":"St. Germain"}]},{"@type":"WebSite","@id":"https:\/\/debronvanlicht.nl\/#website","url":"https:\/\/debronvanlicht.nl\/","name":"De Bron van Licht","description":"&quot;Praktijk voor alternatieve \/ spirituele geneeswijze&quot; Kersengaard 62 in Spijkenisse 0181639497","potentialAction":[{"@type":"SearchAction","target":{"@type":"EntryPoint","urlTemplate":"https:\/\/debronvanlicht.nl\/?s={search_term_string}"},"query-input":{"@type":"PropertyValueSpecification","valueRequired":true,"valueName":"search_term_string"}}],"inLanguage":"nl-NL"}]}},"_links":{"self":[{"href":"https:\/\/debronvanlicht.nl\/index.php\/wp-json\/wp\/v2\/pages\/3009","targetHints":{"allow":["GET"]}}],"collection":[{"href":"https:\/\/debronvanlicht.nl\/index.php\/wp-json\/wp\/v2\/pages"}],"about":[{"href":"https:\/\/debronvanlicht.nl\/index.php\/wp-json\/wp\/v2\/types\/page"}],"author":[{"embeddable":true,"href":"https:\/\/debronvanlicht.nl\/index.php\/wp-json\/wp\/v2\/users\/4"}],"replies":[{"embeddable":true,"href":"https:\/\/debronvanlicht.nl\/index.php\/wp-json\/wp\/v2\/comments?post=3009"}],"version-history":[{"count":24,"href":"https:\/\/debronvanlicht.nl\/index.php\/wp-json\/wp\/v2\/pages\/3009\/revisions"}],"predecessor-version":[{"id":3974,"href":"https:\/\/debronvanlicht.nl\/index.php\/wp-json\/wp\/v2\/pages\/3009\/revisions\/3974"}],"up":[{"embeddable":true,"href":"https:\/\/debronvanlicht.nl\/index.php\/wp-json\/wp\/v2\/pages\/2262"}],"wp:attachment":[{"href":"https:\/\/debronvanlicht.nl\/index.php\/wp-json\/wp\/v2\/media?parent=3009"}],"curies":[{"name":"wp","href":"https:\/\/api.w.org\/{rel}","templated":true}]}}